{"id":7520,"date":"2022-04-04T13:04:07","date_gmt":"2022-04-04T11:04:07","guid":{"rendered":"https:\/\/www.farmedco.com\/manicure-pedicure\/"},"modified":"2022-04-04T18:07:00","modified_gmt":"2022-04-04T16:07:00","slug":"manicure-pedicure","status":"publish","type":"page","link":"https:\/\/www.farmedco.com\/en\/manicure-pedicure\/","title":{"rendered":"Manicure \/ Pedicure"},"content":{"rendered":"<div class=\"fusion-fullwidth fullwidth-box fusion-builder-row-1 fusion-flex-container nonhundred-percent-fullwidth non-hundred-percent-height-scrolling\" style=\"--awb-border-radius-top-left:0px;--awb-border-radius-top-right:0px;--awb-border-radius-bottom-right:0px;--awb-border-radius-bottom-left:0px;--awb-flex-wrap:wrap;\" ><div class=\"fusion-builder-row fusion-row fusion-flex-align-items-flex-start fusion-flex-content-wrap\" style=\"max-width:1872px;margin-left: calc(-4% \/ 2 );margin-right: calc(-4% \/ 2 );\"><div class=\"fusion-layout-column fusion_builder_column fusion-builder-column-0 fusion_builder_column_1_1 1_1 fusion-flex-column\" style=\"--awb-bg-size:cover;--awb-width-large:100%;--awb-margin-top-large:0px;--awb-spacing-right-large:1.92%;--awb-margin-bottom-large:20px;--awb-spacing-left-large:1.92%;--awb-width-medium:100%;--awb-order-medium:0;--awb-spacing-right-medium:1.92%;--awb-spacing-left-medium:1.92%;--awb-width-small:100%;--awb-order-small:0;--awb-spacing-right-small:1.92%;--awb-spacing-left-small:1.92%;\"><div class=\"fusion-column-wrapper fusion-column-has-shadow fusion-flex-justify-content-flex-start fusion-content-layout-column\"><div class=\"fusion-title title fusion-title-1 fusion-sep-none fusion-title-center fusion-title-text fusion-title-size-one\"><h1 class=\"fusion-title-heading title-heading-center\" style=\"margin:0;\">Manicure \/ Pedicure<\/h1><\/div><div class=\"fusion-content-boxes content-boxes columns row fusion-columns-3 fusion-columns-total-8 fusion-content-boxes-1 content-boxes-clean-vertical content-left content-boxes-icon-on-top\" style=\"--awb-hover-accent-color:#03a9f4;--awb-circle-hover-accent-color:#03a9f4;\" data-animationOffset=\"top-into-view\"><div style=\"--awb-backgroundcolor:rgba(255,255,255,0);border-color:rgba(255,255,255,0);\" class=\"fusion-column content-box-column content-box-column content-box-column-1 col-lg-4 col-md-4 col-sm-4 fusion-content-box-hover content-box-column-first-in-row\"><div class=\"col content-box-wrapper content-wrapper link-area-link-icon link-type-text icon-hover-animation-fade\" data-animationOffset=\"top-into-view\"><div class=\"heading heading-with-icon icon-left\"><a class=\"heading-link\" href=\"https:\/\/www.farmedco.com\/en\/products\/manicure-pedicure\/cuticle-cutter-with-file\/maxlook-cuticle-cutter-with-nail-file\/\" target=\"_self\"><div aria-hidden=\"true\" class=\"image\"><img decoding=\"async\" src=\"https:\/\/www.farmedco.com\/wp-content\/uploads\/2020\/02\/cortacuticulas-icon-512.png\" width=\"64\" height=\"64\" alt=\"Cortacut\u00edculas + Lima\" \/><\/div><h2 class=\"content-box-heading\" style=\"--h2_typography-font-size:18px;line-height:23px;\">Cuticle Cutter + Nail file<\/h2><\/a><\/div><\/div><\/div><div style=\"--awb-backgroundcolor:rgba(255,255,255,0);border-color:rgba(255,255,255,0);\" class=\"fusion-column content-box-column content-box-column content-box-column-2 col-lg-4 col-md-4 col-sm-4 fusion-content-box-hover \"><div class=\"col content-box-wrapper content-wrapper link-area-link-icon link-type-text icon-hover-animation-fade\" data-animationOffset=\"top-into-view\"><div class=\"heading heading-with-icon icon-left\"><a class=\"heading-link\" href=\"https:\/\/www.farmedco.com\/en\/products\/manicure-pedicure\/nail-clipper-with-deposit\/maxlook-nail-clipper-with-deposit\/\" target=\"_self\"><div aria-hidden=\"true\" class=\"image\"><img decoding=\"async\" src=\"https:\/\/www.farmedco.com\/wp-content\/uploads\/2020\/02\/cortaunas-icon-512.png\" width=\"64\" height=\"64\" alt=\"Corta\u00fa\u00f1as con Dep\u00f3sito\" \/><\/div><h2 class=\"content-box-heading\" style=\"--h2_typography-font-size:18px;line-height:23px;\">Nail Clipper with Deposit<\/h2><\/a><\/div><\/div><\/div><div style=\"--awb-backgroundcolor:rgba(255,255,255,0);border-color:rgba(255,255,255,0);\" class=\"fusion-column content-box-column content-box-column content-box-column-3 col-lg-4 col-md-4 col-sm-4 fusion-content-box-hover content-box-column-last-in-row\"><div class=\"col content-box-wrapper content-wrapper link-area-link-icon link-type-text icon-hover-animation-fade\" data-animationOffset=\"top-into-view\"><div class=\"heading heading-with-icon icon-left\"><a class=\"heading-link\" href=\"https:\/\/www.farmedco.com\/en\/products\/manicure-pedicure\/implements\/nailine-manicure-pedicure\/\" target=\"_self\"><div aria-hidden=\"true\" class=\"image\"><img decoding=\"async\" src=\"https:\/\/www.farmedco.com\/wp-content\/uploads\/2020\/02\/manicura-pedicura-icon-512.png\" width=\"64\" height=\"64\" alt=\"Manicura\/Pedicura\" \/><\/div><h2 class=\"content-box-heading\" style=\"--h2_typography-font-size:18px;line-height:23px;\">Manicure \/ Pedicure Tools<\/h2><\/a><\/div><\/div><\/div><div style=\"--awb-backgroundcolor:rgba(255,255,255,0);border-color:rgba(255,255,255,0);\" class=\"fusion-column content-box-column content-box-column content-box-column-4 col-lg-4 col-md-4 col-sm-4 fusion-content-box-hover content-box-column-first-in-row\"><div class=\"col content-box-wrapper content-wrapper link-area-link-icon link-type-text icon-hover-animation-fade\" data-animationOffset=\"top-into-view\"><div class=\"heading heading-with-icon icon-left\"><a class=\"heading-link\" href=\"https:\/\/www.farmedco.com\/en\/products\/manicure-pedicure\/crystal-nail-file\/maxlook-glass-nail-files\/\" target=\"_self\"><div aria-hidden=\"true\" class=\"image\"><img decoding=\"async\" src=\"https:\/\/www.farmedco.com\/wp-content\/uploads\/2020\/02\/lima-cristal-icon-512.png\" width=\"64\" height=\"64\" alt=\"Limas de Cristal\" \/><\/div><h2 class=\"content-box-heading\" style=\"--h2_typography-font-size:18px;line-height:23px;\">Glass Nail File<\/h2><\/a><\/div><\/div><\/div><div style=\"--awb-backgroundcolor:rgba(255,255,255,0);border-color:rgba(255,255,255,0);\" class=\"fusion-column content-box-column content-box-column content-box-column-5 col-lg-4 col-md-4 col-sm-4 fusion-content-box-hover \"><div class=\"col content-box-wrapper content-wrapper link-area-link-icon link-type-text icon-hover-animation-fade\" data-animationOffset=\"top-into-view\"><div class=\"heading heading-with-icon icon-left\"><a class=\"heading-link\" href=\"https:\/\/www.farmedco.com\/en\/products\/manicure-pedicure\/shaped-nail-file-tweezers\/maxlook-shaped-nail-files-and-tweezers\/\" target=\"_self\"><div aria-hidden=\"true\" class=\"image\"><img decoding=\"async\" src=\"https:\/\/www.farmedco.com\/wp-content\/uploads\/2020\/02\/lima-pinzas-icon-512.png\" width=\"64\" height=\"64\" alt=\"Limas y Pinzas con forma\" \/><\/div><h2 class=\"content-box-heading\" style=\"--h2_typography-font-size:18px;line-height:23px;\">Shaped Nail files &amp; Tweezers<\/h2><\/a><\/div><\/div><\/div><div style=\"--awb-backgroundcolor:rgba(255,255,255,0);border-color:rgba(255,255,255,0);\" class=\"fusion-column content-box-column content-box-column content-box-column-6 col-lg-4 col-md-4 col-sm-4 fusion-content-box-hover content-box-column-last-in-row\"><div class=\"col content-box-wrapper content-wrapper link-area-link-icon link-type-text icon-hover-animation-fade\" data-animationOffset=\"top-into-view\"><div class=\"heading heading-with-icon icon-left\"><a class=\"heading-link\" href=\"https:\/\/www.farmedco.com\/en\/products\/manicure-pedicure\/pumice-stone\/maxlook-pumice-stone\/\" target=\"_self\"><div aria-hidden=\"true\" class=\"image\"><img decoding=\"async\" src=\"https:\/\/www.farmedco.com\/wp-content\/uploads\/2020\/02\/piedra-quitadurezas-icon-512.png\" width=\"64\" height=\"64\" alt=\"Piedras Quitadurezas\" \/><\/div><h2 class=\"content-box-heading\" style=\"--h2_typography-font-size:18px;line-height:23px;\">Pumice Stones<\/h2><\/a><\/div><\/div><\/div><div style=\"--awb-backgroundcolor:rgba(255,255,255,0);border-color:rgba(255,255,255,0);\" class=\"fusion-column content-box-column content-box-column content-box-column-7 col-lg-4 col-md-4 col-sm-4 fusion-content-box-hover content-box-column-first-in-row\"><div class=\"col content-box-wrapper content-wrapper link-area-link-icon link-type-text icon-hover-animation-fade\" data-animationOffset=\"top-into-view\"><div class=\"heading heading-with-icon icon-left\"><a class=\"heading-link\" href=\"https:\/\/www.farmedco.com\/en\/products\/manicure-pedicure\/hair-removal-tweezers\/maxlook-hair-removal-tweezers\/\" target=\"_self\"><div aria-hidden=\"true\" class=\"image\"><img decoding=\"async\" src=\"https:\/\/www.farmedco.com\/wp-content\/uploads\/2020\/02\/pinzas-icon-512.png\" width=\"64\" height=\"64\" alt=\"Pinzas de Depilaci\u00f3n\" \/><\/div><h2 class=\"content-box-heading\" style=\"--h2_typography-font-size:18px;line-height:23px;\">Hair Remover Tweezers<\/h2><\/a><\/div><\/div><\/div><div style=\"--awb-backgroundcolor:rgba(255,255,255,0);border-color:rgba(255,255,255,0);\" class=\"fusion-column content-box-column content-box-column content-box-column-8 col-lg-4 col-md-4 col-sm-4 fusion-content-box-hover content-box-column-last\"><div class=\"col content-box-wrapper content-wrapper link-area-link-icon link-type-text icon-hover-animation-fade\" data-animationOffset=\"top-into-view\"><div class=\"heading heading-with-icon icon-left\"><a class=\"heading-link\" href=\"https:\/\/www.farmedco.com\/en\/products\/manicure-pedicure\/scissors\/maxlook-manicure-scissors\/\" target=\"_self\"><div aria-hidden=\"true\" class=\"image\"><img decoding=\"async\" src=\"https:\/\/www.farmedco.com\/wp-content\/uploads\/2020\/02\/tijeras-icon-512.png\" width=\"64\" height=\"64\" alt=\"Tijeras\" \/><\/div><h2 class=\"content-box-heading\" style=\"--h2_typography-font-size:18px;line-height:23px;\">Scissors<\/h2><\/a><\/div><\/div><\/div><div class=\"fusion-clearfix\"><\/div><\/div><div style=\"text-align:center;\"><a class=\"fusion-button button-flat fusion-button-default-size button-default fusion-button-default button-1 fusion-button-default-span fusion-button-default-type\" target=\"_self\" href=\"https:\/\/www.farmedco.com\/en\/product-categories\/\"><span class=\"fusion-button-text awb-button__text awb-button__text--default\">Back to Categories<\/span><\/a><\/div><\/div><\/div><\/div><\/div>\n","protected":false},"excerpt":{"rendered":"","protected":false},"author":1,"featured_media":0,"parent":0,"menu_order":0,"comment_status":"closed","ping_status":"closed","template":"","meta":{"footnotes":""},"class_list":["post-7520","page","type-page","status-publish","hentry"],"yoast_head":"<!-- This site is optimized with the Yoast SEO Premium plugin v26.5 (Yoast SEO v26.5) - https:\/\/yoast.com\/wordpress\/plugins\/seo\/ -->\n<title>Manicure \/ Pedicure - Farmedco Internacional, S.A.<\/title>\n<meta name=\"robots\" content=\"index, follow, max-snippet:-1, max-image-preview:large, max-video-preview:-1\" \/>\n<link rel=\"canonical\" href=\"https:\/\/www.farmedco.com\/en\/manicure-pedicure\/\" \/>\n<meta property=\"og:locale\" content=\"en_US\" \/>\n<meta property=\"og:type\" content=\"article\" \/>\n<meta property=\"og:title\" content=\"Manicure \/ Pedicure\" \/>\n<meta property=\"og:url\" content=\"https:\/\/www.farmedco.com\/en\/manicure-pedicure\/\" \/>\n<meta property=\"og:site_name\" content=\"Farmedco Internacional, S.A.\" \/>\n<meta property=\"article:publisher\" content=\"https:\/\/www.facebook.com\/farmedco\" \/>\n<meta property=\"article:modified_time\" content=\"2022-04-04T16:07:00+00:00\" \/>\n<meta name=\"twitter:card\" content=\"summary_large_image\" \/>\n<meta name=\"twitter:site\" content=\"@farmedco\" \/>\n<meta name=\"twitter:label1\" content=\"Est. reading time\" \/>\n\t<meta name=\"twitter:data1\" content=\"7 minutes\" \/>\n<script type=\"application\/ld+json\" class=\"yoast-schema-graph\">{\"@context\":\"https:\/\/schema.org\",\"@graph\":[{\"@type\":\"WebPage\",\"@id\":\"https:\/\/www.farmedco.com\/en\/manicure-pedicure\/\",\"url\":\"https:\/\/www.farmedco.com\/en\/manicure-pedicure\/\",\"name\":\"Manicure \/ Pedicure - Farmedco Internacional, S.A.\",\"isPartOf\":{\"@id\":\"https:\/\/www.farmedco.com\/en\/#website\"},\"datePublished\":\"2022-04-04T11:04:07+00:00\",\"dateModified\":\"2022-04-04T16:07:00+00:00\",\"breadcrumb\":{\"@id\":\"https:\/\/www.farmedco.com\/en\/manicure-pedicure\/#breadcrumb\"},\"inLanguage\":\"en-US\",\"potentialAction\":[{\"@type\":\"ReadAction\",\"target\":[\"https:\/\/www.farmedco.com\/en\/manicure-pedicure\/\"]}]},{\"@type\":\"BreadcrumbList\",\"@id\":\"https:\/\/www.farmedco.com\/en\/manicure-pedicure\/#breadcrumb\",\"itemListElement\":[{\"@type\":\"ListItem\",\"position\":1,\"name\":\"Home\",\"item\":\"https:\/\/www.farmedco.com\/en\/\"},{\"@type\":\"ListItem\",\"position\":2,\"name\":\"Manicure \/ Pedicure\"}]},{\"@type\":\"WebSite\",\"@id\":\"https:\/\/www.farmedco.com\/en\/#website\",\"url\":\"https:\/\/www.farmedco.com\/en\/\",\"name\":\"Farmedco Internacional, S.A.\",\"description\":\"Salud y Belleza\",\"publisher\":{\"@id\":\"https:\/\/www.farmedco.com\/en\/#organization\"},\"potentialAction\":[{\"@type\":\"SearchAction\",\"target\":{\"@type\":\"EntryPoint\",\"urlTemplate\":\"https:\/\/www.farmedco.com\/en\/?s={search_term_string}\"},\"query-input\":{\"@type\":\"PropertyValueSpecification\",\"valueRequired\":true,\"valueName\":\"search_term_string\"}}],\"inLanguage\":\"en-US\"},{\"@type\":\"Organization\",\"@id\":\"https:\/\/www.farmedco.com\/en\/#organization\",\"name\":\"Farmedco Internacional, S.A.\",\"url\":\"https:\/\/www.farmedco.com\/en\/\",\"logo\":{\"@type\":\"ImageObject\",\"inLanguage\":\"en-US\",\"@id\":\"https:\/\/www.farmedco.com\/en\/#\/schema\/logo\/image\/\",\"url\":\"https:\/\/www.farmedco.com\/wp-content\/uploads\/2020\/03\/logo-fisa.png\",\"contentUrl\":\"https:\/\/www.farmedco.com\/wp-content\/uploads\/2020\/03\/logo-fisa.png\",\"width\":456,\"height\":124,\"caption\":\"Farmedco Internacional, S.A.\"},\"image\":{\"@id\":\"https:\/\/www.farmedco.com\/en\/#\/schema\/logo\/image\/\"},\"sameAs\":[\"https:\/\/www.facebook.com\/farmedco\",\"https:\/\/x.com\/farmedco\",\"https:\/\/www.instagram.com\/farmedco\",\"https:\/\/www.youtube.com\/channel\/UCCEiL0a0oCKKYM8LA0b0vAQ\"]}]}<\/script>\n<!-- \/ Yoast SEO Premium plugin. -->","yoast_head_json":{"title":"Manicure \/ Pedicure - Farmedco Internacional, S.A.","robots":{"index":"index","follow":"follow","max-snippet":"max-snippet:-1","max-image-preview":"max-image-preview:large","max-video-preview":"max-video-preview:-1"},"canonical":"https:\/\/www.farmedco.com\/en\/manicure-pedicure\/","og_locale":"en_US","og_type":"article","og_title":"Manicure \/ Pedicure","og_url":"https:\/\/www.farmedco.com\/en\/manicure-pedicure\/","og_site_name":"Farmedco Internacional, S.A.","article_publisher":"https:\/\/www.facebook.com\/farmedco","article_modified_time":"2022-04-04T16:07:00+00:00","twitter_card":"summary_large_image","twitter_site":"@farmedco","twitter_misc":{"Est. reading time":"7 minutes"},"schema":{"@context":"https:\/\/schema.org","@graph":[{"@type":"WebPage","@id":"https:\/\/www.farmedco.com\/en\/manicure-pedicure\/","url":"https:\/\/www.farmedco.com\/en\/manicure-pedicure\/","name":"Manicure \/ Pedicure - Farmedco Internacional, S.A.","isPartOf":{"@id":"https:\/\/www.farmedco.com\/en\/#website"},"datePublished":"2022-04-04T11:04:07+00:00","dateModified":"2022-04-04T16:07:00+00:00","breadcrumb":{"@id":"https:\/\/www.farmedco.com\/en\/manicure-pedicure\/#breadcrumb"},"inLanguage":"en-US","potentialAction":[{"@type":"ReadAction","target":["https:\/\/www.farmedco.com\/en\/manicure-pedicure\/"]}]},{"@type":"BreadcrumbList","@id":"https:\/\/www.farmedco.com\/en\/manicure-pedicure\/#breadcrumb","itemListElement":[{"@type":"ListItem","position":1,"name":"Home","item":"https:\/\/www.farmedco.com\/en\/"},{"@type":"ListItem","position":2,"name":"Manicure \/ Pedicure"}]},{"@type":"WebSite","@id":"https:\/\/www.farmedco.com\/en\/#website","url":"https:\/\/www.farmedco.com\/en\/","name":"Farmedco Internacional, S.A.","description":"Salud y Belleza","publisher":{"@id":"https:\/\/www.farmedco.com\/en\/#organization"},"potentialAction":[{"@type":"SearchAction","target":{"@type":"EntryPoint","urlTemplate":"https:\/\/www.farmedco.com\/en\/?s={search_term_string}"},"query-input":{"@type":"PropertyValueSpecification","valueRequired":true,"valueName":"search_term_string"}}],"inLanguage":"en-US"},{"@type":"Organization","@id":"https:\/\/www.farmedco.com\/en\/#organization","name":"Farmedco Internacional, S.A.","url":"https:\/\/www.farmedco.com\/en\/","logo":{"@type":"ImageObject","inLanguage":"en-US","@id":"https:\/\/www.farmedco.com\/en\/#\/schema\/logo\/image\/","url":"https:\/\/www.farmedco.com\/wp-content\/uploads\/2020\/03\/logo-fisa.png","contentUrl":"https:\/\/www.farmedco.com\/wp-content\/uploads\/2020\/03\/logo-fisa.png","width":456,"height":124,"caption":"Farmedco Internacional, S.A."},"image":{"@id":"https:\/\/www.farmedco.com\/en\/#\/schema\/logo\/image\/"},"sameAs":["https:\/\/www.facebook.com\/farmedco","https:\/\/x.com\/farmedco","https:\/\/www.instagram.com\/farmedco","https:\/\/www.youtube.com\/channel\/UCCEiL0a0oCKKYM8LA0b0vAQ"]}]}},"_links":{"self":[{"href":"https:\/\/www.farmedco.com\/en\/wp-json\/wp\/v2\/pages\/7520","targetHints":{"allow":["GET"]}}],"collection":[{"href":"https:\/\/www.farmedco.com\/en\/wp-json\/wp\/v2\/pages"}],"about":[{"href":"https:\/\/www.farmedco.com\/en\/wp-json\/wp\/v2\/types\/page"}],"author":[{"embeddable":true,"href":"https:\/\/www.farmedco.com\/en\/wp-json\/wp\/v2\/users\/1"}],"replies":[{"embeddable":true,"href":"https:\/\/www.farmedco.com\/en\/wp-json\/wp\/v2\/comments?post=7520"}],"version-history":[{"count":5,"href":"https:\/\/www.farmedco.com\/en\/wp-json\/wp\/v2\/pages\/7520\/revisions"}],"predecessor-version":[{"id":7633,"href":"https:\/\/www.farmedco.com\/en\/wp-json\/wp\/v2\/pages\/7520\/revisions\/7633"}],"wp:attachment":[{"href":"https:\/\/www.farmedco.com\/en\/wp-json\/wp\/v2\/media?parent=7520"}],"curies":[{"name":"wp","href":"https:\/\/api.w.org\/{rel}","templated":true}]}}