{"id":146,"date":"2018-09-19T08:36:18","date_gmt":"2018-09-19T08:36:18","guid":{"rendered":"http:\/\/web.farmedco.com\/gdpr-privacy-settings\/"},"modified":"2018-09-19T08:36:18","modified_gmt":"2018-09-19T08:36:18","slug":"gdpr-privacy-settings","status":"publish","type":"page","link":"https:\/\/www.farmedco.com\/en\/gdpr-privacy-settings\/","title":{"rendered":"GDPR &#8211; Privacy Settings"},"content":{"rendered":"\n            <div class=\"wordpress-gdpr-privacy-settings-popup-message\">\n                Privacy Settings saved!            <\/div>\n            \n            <div class=\"wordpress-gdpr-privacy-settings-popup-header\">\n                <div class=\"wordpress-gdpr-privacy-settings-popup-logo\">\n                    <img decoding=\"async\" src=\"https:\/\/www.farmedco.com\/wp-content\/uploads\/2018\/09\/logo-fisa.png\" alt=\"Farmedco - Logo\">                <\/div>\n                <div class=\"wordpress-gdpr-privacy-settings-popup-info\">\n                    <div class=\"wordpress-gdpr-privacy-settings-popup-title\">Privacy Settings<\/div>\n                    <p class=\"wordpress-gdpr-privacy-settings-popup-description\">Utilizamos cookies para facilitar el uso de nuestra p\u00e1gina web. Las cookies son peque\u00f1os ficheros de texto que su navegador almacena en el disco duro de su ordenador y que son necesarias para utilizar nuestra p\u00e1gina web. Las utilizamos para entender mejor la manera en la que se usa nuestra p\u00e1gina web y de esta manera poder mejorar consecuentemente el proceso de navegaci\u00f3n. Las cookies son el referente que nos indica, por ejemplo, si una p\u00e1gina de nuestra web ha sido vista con anterioridad, o si su visita es nueva o recurrente. Las cookies que utilizamos no almacenan dato personal alguno, ni ning\u00fan tipo de informaci\u00f3n que pueda identificarle. En caso de no querer recibir cookies, por favor configure su navegador de Internet para que las borre del disco duro de su ordenador, las bloquee o le avise en caso de instalaci\u00f3n de las mismas.<\/p>\n                <\/div>\n                <div class=\"gdpr-clear\"><\/div>\n            <\/div>\n            \n            \n            <div class=\"wordpress-gdpr-privacy-settings-popup-services-container\">\n                <div class=\"wordpress-gdpr-privacy-settings-popup-service-categories\">\n                    <a href=\"#\" data-id=\"1572\" class=\"wordpress-gdpr-popup-privacy-settings-service-category wordpress-gdpr-popup-privacy-settings-open-service-category\">\n                    Necessary\n                <\/a>\n                    <a href=\"https:\/\/www.farmedco.com\/rgpd-centro-de-privacidad\/\" class=\"wordpress-gdpr-popup-privacy-settings-service-category\">Privacy Center <i class=\"fa fa-external-link-alt\"><\/i><\/a><a href=\"https:\/\/www.farmedco.com\/politica-privacidad\/\" class=\"wordpress-gdpr-popup-privacy-settings-service-category\">Privacy Policy <i class=\"fa fa-external-link-alt\"><\/i><\/a><a href=\"https:\/\/www.farmedco.com\/politica-de-cookies\/\" class=\"wordpress-gdpr-popup-privacy-settings-service-category\">Pol\u00edtica de Cookies <i class=\"fa fa-external-link-alt\"><\/i><\/a>                <\/div>\n                <div class=\"wordpress-gdpr-privacy-settings-popup-services\">\n                    <div id=\"wordpress-gdpr-popup-privacy-settings-services-content-1572\"  class=\"wordpress-gdpr-popup-privacy-settings-services-content\"><div class=\"wordpress-gdpr-popup-privacy-settings-service-category-description\">These cookies are necessary for the website to function and cannot be switched off in our systems.<\/div><hr><div class=\"wordpress-gdpr-popup-privacy-settings-services-content-title-box\"><a href=\"#\" data-id=\"7726\" class=\"wordpress-gdpr-popup-privacy-settings-services-content-title\"><i class=\"fa fa-caret-right\"><\/i> Technical Cookies<\/a><label for=\"gdpr-service-7726\" class=\"wordpress-gdpr-hidden\">Technical Cookies<\/label><input name=\"7726\" id=\"gdpr-service-7726\" data-id=\"7726\"  disabled=\"disabled\" checked=\"checked\" class=\"gdpr-service-switch\" type=\"checkbox\"><div class=\"gdpr-clear\"><\/div><\/div><div id=\"wordpress-gdpr-popup-privacy-settings-services-content-description-7726\" class=\"wordpress-gdpr-popup-privacy-settings-services-content-description\"><div class=\"wordpress-gdpr-popup-privacy-settings-services-content-reason\">In order to use this website we use the following technically required cookies<\/div><ul class=\"wordpress-gdpr-popup-privacy-settings-services-content-cookies\"><li>wordpress_test_cookie<\/li><li> wordpress_logged_in_<\/li><li> wordpress_sec<\/li><\/ul><\/div><hr><\/div>                <\/div>\n                <div class=\"gdpr-clear\"><\/div>\n            <\/div>\n\n            <div class=\"wordpress-gdpr-privacy-settings-popup-services-buttons\">\n                \n                                <div class=\"wordpress-gdpr-popup-decline wordpress-gdpr-privacy-settings-popup-services-decline-all button btn button-secondary theme-btn\" style=\"background-color: #F44336; color: #FFFFFF;\">\n                    Reject all services                <\/div>\n                \n                                <div class=\"wordpress-gdpr-popup-save wordpress-gdpr-privacy-settings-popup-services-save button btn button-secondary theme-btn\" style=\"background-color: #000000;color: #FFFFFF;\">\n                    Save                <\/div>\n                \n\n\n\n                                <div class=\"wordpress-gdpr-popup-agree wordpress-gdpr-privacy-settings-popup-services-accept-all button btn button-secondary theme-btn\" style=\"background-color: #4CAF50;color: #FFFFFF;\">\n                    Accept all services                <\/div>\n                \n                <div class=\"gdpr-clear\"><\/div>\n            <\/div>\n        \n","protected":false},"excerpt":{"rendered":"","protected":false},"author":1,"featured_media":0,"parent":0,"menu_order":0,"comment_status":"closed","ping_status":"closed","template":"","meta":{"footnotes":""},"class_list":["post-146","page","type-page","status-publish","hentry"],"yoast_head":"<!-- This site is optimized with the Yoast SEO Premium plugin v26.5 (Yoast SEO v26.5) - https:\/\/yoast.com\/wordpress\/plugins\/seo\/ -->\n<title>GDPR - Privacy Settings<\/title>\n<meta name=\"robots\" content=\"index, follow, max-snippet:-1, max-image-preview:large, max-video-preview:-1\" \/>\n<link rel=\"canonical\" href=\"https:\/\/www.farmedco.com\/en\/gdpr-privacy-settings\/\" \/>\n<meta property=\"og:locale\" content=\"en_US\" \/>\n<meta property=\"og:type\" content=\"article\" \/>\n<meta property=\"og:title\" content=\"GDPR - Privacy Settings\" \/>\n<meta property=\"og:url\" content=\"https:\/\/www.farmedco.com\/en\/gdpr-privacy-settings\/\" \/>\n<meta property=\"og:site_name\" content=\"Farmedco Internacional, S.A.\" \/>\n<meta property=\"article:publisher\" content=\"https:\/\/www.facebook.com\/farmedco\" \/>\n<meta name=\"twitter:card\" content=\"summary_large_image\" \/>\n<meta name=\"twitter:site\" content=\"@farmedco\" \/>\n<script type=\"application\/ld+json\" class=\"yoast-schema-graph\">{\"@context\":\"https:\/\/schema.org\",\"@graph\":[{\"@type\":\"WebPage\",\"@id\":\"https:\/\/www.farmedco.com\/en\/gdpr-privacy-settings\/\",\"url\":\"https:\/\/www.farmedco.com\/en\/gdpr-privacy-settings\/\",\"name\":\"GDPR - Privacy Settings\",\"isPartOf\":{\"@id\":\"https:\/\/www.farmedco.com\/en\/#website\"},\"datePublished\":\"2018-09-19T08:36:18+00:00\",\"breadcrumb\":{\"@id\":\"https:\/\/www.farmedco.com\/en\/gdpr-privacy-settings\/#breadcrumb\"},\"inLanguage\":\"en-US\",\"potentialAction\":[{\"@type\":\"ReadAction\",\"target\":[\"https:\/\/www.farmedco.com\/en\/gdpr-privacy-settings\/\"]}]},{\"@type\":\"BreadcrumbList\",\"@id\":\"https:\/\/www.farmedco.com\/en\/gdpr-privacy-settings\/#breadcrumb\",\"itemListElement\":[{\"@type\":\"ListItem\",\"position\":1,\"name\":\"Home\",\"item\":\"https:\/\/www.farmedco.com\/en\/\"},{\"@type\":\"ListItem\",\"position\":2,\"name\":\"GDPR &#8211; Privacy Settings\"}]},{\"@type\":\"WebSite\",\"@id\":\"https:\/\/www.farmedco.com\/en\/#website\",\"url\":\"https:\/\/www.farmedco.com\/en\/\",\"name\":\"Farmedco Internacional, S.A.\",\"description\":\"Salud y Belleza\",\"publisher\":{\"@id\":\"https:\/\/www.farmedco.com\/en\/#organization\"},\"potentialAction\":[{\"@type\":\"SearchAction\",\"target\":{\"@type\":\"EntryPoint\",\"urlTemplate\":\"https:\/\/www.farmedco.com\/en\/?s={search_term_string}\"},\"query-input\":{\"@type\":\"PropertyValueSpecification\",\"valueRequired\":true,\"valueName\":\"search_term_string\"}}],\"inLanguage\":\"en-US\"},{\"@type\":\"Organization\",\"@id\":\"https:\/\/www.farmedco.com\/en\/#organization\",\"name\":\"Farmedco Internacional, S.A.\",\"url\":\"https:\/\/www.farmedco.com\/en\/\",\"logo\":{\"@type\":\"ImageObject\",\"inLanguage\":\"en-US\",\"@id\":\"https:\/\/www.farmedco.com\/en\/#\/schema\/logo\/image\/\",\"url\":\"https:\/\/www.farmedco.com\/wp-content\/uploads\/2020\/03\/logo-fisa.png\",\"contentUrl\":\"https:\/\/www.farmedco.com\/wp-content\/uploads\/2020\/03\/logo-fisa.png\",\"width\":456,\"height\":124,\"caption\":\"Farmedco Internacional, S.A.\"},\"image\":{\"@id\":\"https:\/\/www.farmedco.com\/en\/#\/schema\/logo\/image\/\"},\"sameAs\":[\"https:\/\/www.facebook.com\/farmedco\",\"https:\/\/x.com\/farmedco\",\"https:\/\/www.instagram.com\/farmedco\",\"https:\/\/www.youtube.com\/channel\/UCCEiL0a0oCKKYM8LA0b0vAQ\"]}]}<\/script>\n<!-- \/ Yoast SEO Premium plugin. -->","yoast_head_json":{"title":"GDPR - Privacy Settings","robots":{"index":"index","follow":"follow","max-snippet":"max-snippet:-1","max-image-preview":"max-image-preview:large","max-video-preview":"max-video-preview:-1"},"canonical":"https:\/\/www.farmedco.com\/en\/gdpr-privacy-settings\/","og_locale":"en_US","og_type":"article","og_title":"GDPR - Privacy Settings","og_url":"https:\/\/www.farmedco.com\/en\/gdpr-privacy-settings\/","og_site_name":"Farmedco Internacional, S.A.","article_publisher":"https:\/\/www.facebook.com\/farmedco","twitter_card":"summary_large_image","twitter_site":"@farmedco","schema":{"@context":"https:\/\/schema.org","@graph":[{"@type":"WebPage","@id":"https:\/\/www.farmedco.com\/en\/gdpr-privacy-settings\/","url":"https:\/\/www.farmedco.com\/en\/gdpr-privacy-settings\/","name":"GDPR - Privacy Settings","isPartOf":{"@id":"https:\/\/www.farmedco.com\/en\/#website"},"datePublished":"2018-09-19T08:36:18+00:00","breadcrumb":{"@id":"https:\/\/www.farmedco.com\/en\/gdpr-privacy-settings\/#breadcrumb"},"inLanguage":"en-US","potentialAction":[{"@type":"ReadAction","target":["https:\/\/www.farmedco.com\/en\/gdpr-privacy-settings\/"]}]},{"@type":"BreadcrumbList","@id":"https:\/\/www.farmedco.com\/en\/gdpr-privacy-settings\/#breadcrumb","itemListElement":[{"@type":"ListItem","position":1,"name":"Home","item":"https:\/\/www.farmedco.com\/en\/"},{"@type":"ListItem","position":2,"name":"GDPR &#8211; Privacy Settings"}]},{"@type":"WebSite","@id":"https:\/\/www.farmedco.com\/en\/#website","url":"https:\/\/www.farmedco.com\/en\/","name":"Farmedco Internacional, S.A.","description":"Salud y Belleza","publisher":{"@id":"https:\/\/www.farmedco.com\/en\/#organization"},"potentialAction":[{"@type":"SearchAction","target":{"@type":"EntryPoint","urlTemplate":"https:\/\/www.farmedco.com\/en\/?s={search_term_string}"},"query-input":{"@type":"PropertyValueSpecification","valueRequired":true,"valueName":"search_term_string"}}],"inLanguage":"en-US"},{"@type":"Organization","@id":"https:\/\/www.farmedco.com\/en\/#organization","name":"Farmedco Internacional, S.A.","url":"https:\/\/www.farmedco.com\/en\/","logo":{"@type":"ImageObject","inLanguage":"en-US","@id":"https:\/\/www.farmedco.com\/en\/#\/schema\/logo\/image\/","url":"https:\/\/www.farmedco.com\/wp-content\/uploads\/2020\/03\/logo-fisa.png","contentUrl":"https:\/\/www.farmedco.com\/wp-content\/uploads\/2020\/03\/logo-fisa.png","width":456,"height":124,"caption":"Farmedco Internacional, S.A."},"image":{"@id":"https:\/\/www.farmedco.com\/en\/#\/schema\/logo\/image\/"},"sameAs":["https:\/\/www.facebook.com\/farmedco","https:\/\/x.com\/farmedco","https:\/\/www.instagram.com\/farmedco","https:\/\/www.youtube.com\/channel\/UCCEiL0a0oCKKYM8LA0b0vAQ"]}]}},"_links":{"self":[{"href":"https:\/\/www.farmedco.com\/en\/wp-json\/wp\/v2\/pages\/146","targetHints":{"allow":["GET"]}}],"collection":[{"href":"https:\/\/www.farmedco.com\/en\/wp-json\/wp\/v2\/pages"}],"about":[{"href":"https:\/\/www.farmedco.com\/en\/wp-json\/wp\/v2\/types\/page"}],"author":[{"embeddable":true,"href":"https:\/\/www.farmedco.com\/en\/wp-json\/wp\/v2\/users\/1"}],"replies":[{"embeddable":true,"href":"https:\/\/www.farmedco.com\/en\/wp-json\/wp\/v2\/comments?post=146"}],"version-history":[{"count":0,"href":"https:\/\/www.farmedco.com\/en\/wp-json\/wp\/v2\/pages\/146\/revisions"}],"wp:attachment":[{"href":"https:\/\/www.farmedco.com\/en\/wp-json\/wp\/v2\/media?parent=146"}],"curies":[{"name":"wp","href":"https:\/\/api.w.org\/{rel}","templated":true}]}}